{"id":64,"date":"2023-10-21T00:51:45","date_gmt":"2023-10-21T00:51:45","guid":{"rendered":"https:\/\/rsbeleza.com\/fr\/?page_id=64"},"modified":"2026-04-08T22:49:35","modified_gmt":"2026-04-08T23:49:35","slug":"home","status":"publish","type":"page","link":"https:\/\/rsbeleza.com\/fr\/","title":{"rendered":"Home"},"content":{"rendered":"<div class=\"row\" style=\"margin-top: 90px\">\n    <!-- ROW_de_COL-9 --><\/p>\n<div class=\"col-3\">\n<div class=\"blackbox\">CHAMBRES AVEC VUE<\/div>\n<div class=\"mycover\"><\/div>\n<div>\n            <img decoding=\"async\" class=\"rbimgcenter\" src=\"\/wp-content\/uploads\/sites\/2\/2023\/10\/rooms-with-view-double-single-at-mindelo.jpg\" alt=\"chambre double et simple\">\n        <\/div>\n<div class=\"txt-col3\">\n        Situ\u00e9 sur l\u2019\u00eele de S\u00e3o Vicente, l\u2019H\u00f4tel R\u00e9sidencial B\u00caLEZA se trouve \u00e0 l\u2019entr\u00e9e du centre-ville de Mindelo. Avec une architecture traditionnelle capverdienne, nous accueillons les clients avec la morabeza et le chaleureux confort typique du Cap-Vert. Nous proposons des chambres avec Wi-Fi haut d\u00e9bit et toutes les commodit\u00e9s pour un s\u00e9jour agr\u00e9able. Notre emplacement id\u00e9al offre calme et tranquillit\u00e9 totale.\n        <\/div>\n<\/p><\/div>\n<div class=\"col-3\">\n<div class=\"blackbox\">CHAMBRES STANDARD<\/div>\n<div class=\"mycover\"><\/div>\n<div>\n            <img decoding=\"async\" class=\"rbimgcenter\" src=\"https:\/\/rsbeleza.com\/en\/wp-content\/uploads\/sites\/2\/2023\/10\/rooms-with-view-mindelo-hotel-residencial-beleza-cabo-verde.jpg\" alt=\"Chambre Double et Simple\">\n        <\/div>\n<div class=\"txt-col3\">\n            Nous proposons divers h\u00e9bergements et services adapt\u00e9s \u00e0 votre go\u00fbt individuel ou pour toute votre famille. Aux \u00e9tages sup\u00e9rieurs, vous pouvez profiter de la vue magnifique sur la Baie du Porto Grande \u00e0 Mindelo. Notre h\u00f4tel est une excellente option pour vos vacances et aventures sur les magnifiques plages de Mindelo, pour vos voyages d&rsquo;affaires ou pour des groupes vari\u00e9s.\n        <\/div>\n<\/p><\/div>\n<div class=\"col-3\">\n<div class=\"blackbox\">RESTAURANT<\/div>\n<div><img decoding=\"async\" class=\"rbimgcenter\" src=\"\/wp-content\/uploads\/sites\/2\/2023\/10\/gastronomia-cabo-verde-mindelo-residencial-beleza-1.jpg\" alt=\"Excursions vers les \u00eeles de S\u00e3o Vicente et Santo Ant\u00e3o\"><\/div>\n<div class=\"mycover\"><\/div>\n<div class=\"txt-col3\">\n            Le restaurant avec vue sur la mer de la Baie du Porto Grande nous inspire avec la devise \u00ab\u00a0vous servir selon vos go\u00fbts\u00a0\u00bb, ayant pour objectif principal de vous faire sentir \u00e0 l&rsquo;aise avec un service bas\u00e9 sur la \u00ab\u00a0Morabeza\u00a0\u00bb (hospitalit\u00e9) caract\u00e9ristique de la culture cap-verdienne.\n        <\/div>\n<\/p><\/div>\n<div class=\"col-3\">\n<div class=\"blackbox\">SERVICES<\/div>\n<div class=\"mycover\"><\/div>\n<div><img decoding=\"async\" style=\"width: 100%\" src=\"\/wp-content\/uploads\/2023\/12\/services-home-residencial-beleza-mindelo-sao-vicente.jpg\" alt=\"Services Hotel Residencial Beleza Mindelo Sao Vicente\"><\/div>\n<div class=\"txt-col3\">\n    Profitez de notre terrasse ensoleill\u00e9e au climat doux \u00e0 l&rsquo;entr\u00e9e principale de notre h\u00f4tel. Nous pouvons vous offrir des services personnalis\u00e9s tels que Bar, Snack et Buffets. Nous disposons d&rsquo;espaces pour des \u00e9v\u00e9nements culturels ou d&rsquo;autres activit\u00e9s li\u00e9es aux affaires pour les voyages de groupe. Faites votre r\u00e9servation \u00e0 l&rsquo;avance.\n<\/div>\n<\/p><\/div>\n<p>    <!-- END_COL12 -->\n<\/div>\n","protected":false},"excerpt":{"rendered":"<p>CHAMBRES AVEC VUE Situ\u00e9 sur l\u2019\u00eele de S\u00e3o Vicente, l\u2019H\u00f4tel R\u00e9sidencial B\u00caLEZA se trouve \u00e0 l\u2019entr\u00e9e du centre-ville de Mindelo. Avec une architecture traditionnelle capverdienne, nous accueillons les clients avec la morabeza et le chaleureux confort typique du Cap-Vert. Nous proposons des chambres avec Wi-Fi haut d\u00e9bit et toutes les commodit\u00e9s pour un s\u00e9jour agr\u00e9able. &hellip; <a href=\"https:\/\/rsbeleza.com\/fr\/\" class=\"more-link\">Continuer la lecture de <span class=\"screen-reader-text\">Home<\/span> <span class=\"meta-nav\">&rarr;<\/span><\/a><\/p>\n","protected":false},"author":1,"featured_media":0,"parent":0,"menu_order":0,"comment_status":"closed","ping_status":"closed","template":"","meta":{"footnotes":""},"class_list":["post-64","page","type-page","status-publish","hentry"],"_links":{"self":[{"href":"https:\/\/rsbeleza.com\/fr\/wp-json\/wp\/v2\/pages\/64","targetHints":{"allow":["GET"]}}],"collection":[{"href":"https:\/\/rsbeleza.com\/fr\/wp-json\/wp\/v2\/pages"}],"about":[{"href":"https:\/\/rsbeleza.com\/fr\/wp-json\/wp\/v2\/types\/page"}],"author":[{"embeddable":true,"href":"https:\/\/rsbeleza.com\/fr\/wp-json\/wp\/v2\/users\/1"}],"replies":[{"embeddable":true,"href":"https:\/\/rsbeleza.com\/fr\/wp-json\/wp\/v2\/comments?post=64"}],"version-history":[{"count":16,"href":"https:\/\/rsbeleza.com\/fr\/wp-json\/wp\/v2\/pages\/64\/revisions"}],"predecessor-version":[{"id":343,"href":"https:\/\/rsbeleza.com\/fr\/wp-json\/wp\/v2\/pages\/64\/revisions\/343"}],"wp:attachment":[{"href":"https:\/\/rsbeleza.com\/fr\/wp-json\/wp\/v2\/media?parent=64"}],"curies":[{"name":"wp","href":"https:\/\/api.w.org\/{rel}","templated":true}]}}