{"id":74,"date":"2023-10-21T01:02:11","date_gmt":"2023-10-21T01:02:11","guid":{"rendered":"https:\/\/rsbeleza.com\/fr\/?page_id=74"},"modified":"2024-10-30T12:42:51","modified_gmt":"2024-10-30T13:42:51","slug":"chambres","status":"publish","type":"page","link":"https:\/\/rsbeleza.com\/fr\/chambres\/","title":{"rendered":"Chambres"},"content":{"rendered":"<div class=\"row\" style=\"margin-top: 10px\">\n    <!-- ROW_de_COL-9 --><\/p>\n<div class=\"col-3\">\n<div class=\"blackbox\">\n            CHAMBRES AVEC VUE\n        <\/div>\n<div class=\"mycover\"><\/div>\n<div>\n            <img decoding=\"async\" class=\"rbimgcenter\" src=\"\/wp-content\/uploads\/sites\/2\/2023\/10\/rooms-with-view-mindelo-hotel-residencial-beleza-cabo-verde.jpg\" alt=\"Chambres doubles et individuelles \u00e0 Mindelo S\u00e3o Vicente\" \/>\n        <\/div>\n<div class=\"txt-col3\" style=\"text-align:center\">\n<h5>Prix haute saison<\/h5>\n<p>            Double : <a href=\"https:\/\/g.co\/kgs\/eDQp5M\" target=\"_blank\" rel=\"noopener\"> 5510,5 CVE <\/a><br \/>\n            Individuel : <a href=\"https:\/\/g.co\/kgs\/eDQp5M\" target=\"_blank\" rel=\"noopener\"> 3914 CVE <\/a><\/p>\n<h5>Prix basse saison<\/h5>\n<p>            Double : <a href=\"https:\/\/g.co\/kgs\/eDQp5M\" target=\"_blank\" rel=\"noopener\"> 5400 CVE <\/a><br \/>\n            Individuel : <a href=\"https:\/\/g.co\/kgs\/eDQp5M\" target=\"_blank\" rel=\"noopener\"> 3854,26 CVE <\/a>\n        <\/div>\n<\/p><\/div>\n<div class=\"col-3\">\n<div class=\"blackbox\">\n            CHAMBRES STANDARD\n        <\/div>\n<div class=\"mycover\"><\/div>\n<div>\n            <img decoding=\"async\" class=\"rbimgcenter\" src=\"\/wp-content\/uploads\/sites\/2\/2023\/10\/Quartos-Standard-Hotel-Residemcial-Beleza-Mindelo-Cabo-Verde.jpg\" alt=\"Chambres doubles et individuelles\" \/>\n        <\/div>\n<div class=\"txt-col3\" style=\"text-align:center\">\n<h5>Prix haute saison<\/h5>\n<p>            Double : <a href=\"https:\/\/g.co\/kgs\/eDQp5M\" target=\"_blank\" rel=\"noopener\"> 4892,5 CVE <\/a><br \/>\n            Individuel : <a href=\"https:\/\/g.co\/kgs\/eDQp5M\" target=\"_blank\" rel=\"noopener\"> 3605 CVE <\/a><\/p>\n<h5>Prix basse saison<\/h5>\n<p>            Double : <a href=\"https:\/\/g.co\/kgs\/eDQp5M\" target=\"_blank\" rel=\"noopener\"> 4794,65 CVE <\/a><br \/>\n            Individuel : <a href=\"https:\/\/g.co\/kgs\/eDQp5M\" target=\"_blank\" rel=\"noopener\"> 3533 CVE <\/a>\n        <\/div>\n<\/p><\/div>\n<div class=\"col-3\">\n<div class=\"blackbox\">\n            CHAMBRES \u00c9CONOMIQUES\n        <\/div>\n<div>\n            <img decoding=\"async\" style=\"width: 100%;\" src=\"\/wp-content\/uploads\/sites\/2\/2023\/11\/rooms-low-cost-with-quality-services-mindelo-cape-verde.jpg\" alt=\"Excursions Cap-Vert \u00celes de S\u00e3o Vicente et Santo Ant\u00e3o\" \/>\n        <\/div>\n<div class=\"mycover\"><\/div>\n<div class=\"txt-col3\" style=\"text-align:center\">\n<h5>Prix haute saison<\/h5>\n<p>            Double : <a href=\"https:\/\/g.co\/kgs\/eDQp5M\" target=\"_blank\" rel=\"noopener\"> 4377,5 CVE <\/a><br \/>\n            Individuel : <a href=\"https:\/\/g.co\/kgs\/eDQp5M\" target=\"_blank\" rel=\"noopener\"> 3296 CVE <\/a><\/p>\n<h5>Prix basse saison<\/h5>\n<p>            Double : <a href=\"https:\/\/g.co\/kgs\/eDQp5M\" target=\"_blank\" rel=\"noopener\"> 4290 CVE <\/a><br \/>\n            Individuel : <a href=\"https:\/\/g.co\/kgs\/eDQp5M\" target=\"_blank\" rel=\"noopener\"> 3131 CVE <\/a>\n        <\/div>\n<\/p><\/div>\n<div class=\"col-3\">\n<div class=\"blackbox\">\n            CHAMBRES FAMILIALES\n        <\/div>\n<div class=\"mycover\"><\/div>\n<div>\n            <img decoding=\"async\" class=\"rbimgcenter\" src=\"\/wp-content\/uploads\/sites\/2\/2023\/10\/rooms-for-family-mindelo-hotel-residencial-beleza.jpg\" alt=\"Excursions \u00celes de S\u00e3o Vicente et Santo Ant\u00e3o\" \/>\n        <\/div>\n<div class=\"txt-col3\" style=\"text-align:center\">\n<h5>Prix haute saison<\/h5>\n<p>            Les prix varient selon les pr\u00e9f\u00e9rences du client<\/p>\n<h5>Prix basse saison<\/h5>\n<p>            Les prix varient selon les pr\u00e9f\u00e9rences du client\n        <\/p><\/div>\n<\/p><\/div>\n<div class=\"col-12\" style=\"text-align: center;\"> Wi-Fi Fort et Gratuit<br \/>\nPrix \u00e0 la r\u00e9ception : Haute saison : Octobre 2024 \u00e0 Mai 2025 | Basse saison : Juin 2024 \u00e0 Septembre 2024<br \/>\nCVE &#8211; Escudos cap-verdiens | Les prix incluent la TVA et le petit-d\u00e9jeuner | Lit suppl\u00e9mentaire : 1850 CVE<br \/>\nTaxe de nuit exclue -276 CVE jusqu&rsquo;\u00e0 un maximum de 10 nuits, Article n.\u00ba 15 de la loi 23\/VIII\/2012 du 31 d\u00e9cembre<br \/>\n        <strong>\u00c9quipements :<\/strong> TV | Climatisation | Adapt\u00e9 pour les enfants | Salle de bain priv\u00e9e | Coffre\n    <\/div>\n<\/div>\n","protected":false},"excerpt":{"rendered":"<p>CHAMBRES AVEC VUE Prix haute saison Double : 5510,5 CVE Individuel : 3914 CVE Prix basse saison Double : 5400 CVE Individuel : 3854,26 CVE CHAMBRES STANDARD Prix haute saison Double : 4892,5 CVE Individuel : 3605 CVE Prix basse saison Double : 4794,65 CVE Individuel : 3533 CVE CHAMBRES \u00c9CONOMIQUES Prix haute saison Double &hellip; <a href=\"https:\/\/rsbeleza.com\/fr\/chambres\/\" class=\"more-link\">Continuer la lecture de <span class=\"screen-reader-text\">Chambres<\/span> <span class=\"meta-nav\">&rarr;<\/span><\/a><\/p>\n","protected":false},"author":1,"featured_media":0,"parent":0,"menu_order":0,"comment_status":"closed","ping_status":"closed","template":"","meta":{"footnotes":""},"class_list":["post-74","page","type-page","status-publish","hentry"],"_links":{"self":[{"href":"https:\/\/rsbeleza.com\/fr\/wp-json\/wp\/v2\/pages\/74","targetHints":{"allow":["GET"]}}],"collection":[{"href":"https:\/\/rsbeleza.com\/fr\/wp-json\/wp\/v2\/pages"}],"about":[{"href":"https:\/\/rsbeleza.com\/fr\/wp-json\/wp\/v2\/types\/page"}],"author":[{"embeddable":true,"href":"https:\/\/rsbeleza.com\/fr\/wp-json\/wp\/v2\/users\/1"}],"replies":[{"embeddable":true,"href":"https:\/\/rsbeleza.com\/fr\/wp-json\/wp\/v2\/comments?post=74"}],"version-history":[{"count":30,"href":"https:\/\/rsbeleza.com\/fr\/wp-json\/wp\/v2\/pages\/74\/revisions"}],"predecessor-version":[{"id":326,"href":"https:\/\/rsbeleza.com\/fr\/wp-json\/wp\/v2\/pages\/74\/revisions\/326"}],"wp:attachment":[{"href":"https:\/\/rsbeleza.com\/fr\/wp-json\/wp\/v2\/media?parent=74"}],"curies":[{"name":"wp","href":"https:\/\/api.w.org\/{rel}","templated":true}]}}