{"id":77,"date":"2023-10-21T01:02:40","date_gmt":"2023-10-21T01:02:40","guid":{"rendered":"https:\/\/rsbeleza.com\/fr\/?page_id=77"},"modified":"2023-12-10T13:57:07","modified_gmt":"2023-12-10T13:57:07","slug":"services","status":"publish","type":"page","link":"https:\/\/rsbeleza.com\/fr\/services\/","title":{"rendered":"Services"},"content":{"rendered":"<div class=\"row\" style=\"text-align: center;color: #fff;font-weight:bold;background-color:#007ba1;padding: 20px;border-radius: 10px\">\n<div class=\"col-3\"><i class=\"fas fa-headset woman\"><\/i> R\u00e9ception<\/div>\n<div class=\"col-3\"><i class=\"fas fa-wifi\"><\/i> WiFi Gratuit<\/div>\n<div class=\"col-3\"><i class=\"fas fa-satellite-dish\"><\/i> TV par Satellite<\/div>\n<div class=\"col-3\"><i class=\"fas fa-shrimp\"><\/i> Gastronomie<\/div>\n<\/div>\n<div class=\"row\">\n<div class=\"col-12\"><img decoding=\"async\" style=\"width:100%;\" src=\"https:\/\/rsbeleza.com\/wp-content\/uploads\/2023\/12\/Recepcao-Hotel-Residencial-Beleza-em-mindelo-sao-vicente-min.jpg\" \/><\/div>\n<\/div>\n<div class=\"row\">\n<div class=\"col-4\" style=\"padding: 20px\">\n<h1>ESPLANADA<\/h1>\n<div><img decoding=\"async\" class=\"rbimgcenter\" src=\"\/wp-content\/uploads\/2023\/11\/services-mindelo-hotel-residencial-beleza.jpg\"><\/div>\n<div style=\"padding: 20px 0\">\n            Le climat toujours doux, caract\u00e9ristique de notre \u00eele, invite \u00e0 profiter de notre esplanade ensoleill\u00e9e situ\u00e9e \u00e0 l&rsquo;entr\u00e9e principale de la r\u00e9ception de notre h\u00f4tel.\n        <\/div>\n<\/p><\/div>\n<div class=\"col-4\" style=\"padding: 20px\">\n<h1>RESTAURANT<\/h1>\n<p>        <img decoding=\"async\" class=\"alignnone size-full wp-image-617\" src=\"\/wp-content\/uploads\/2023\/11\/restaurante-mindelo-hotel-reisidencial-beleza-cabo-verde.jpg\" alt=\"\" style=\"width:100%\"><\/p>\n<div style=\"padding: 0\">\n            Dans notre restaurant, vous pouvez d\u00e9guster des cuisines vari\u00e9es, des plats traditionnels du Cap-Vert aux plats internationaux. Commandez \u00e0 l&rsquo;avance vos plats pr\u00e9f\u00e9r\u00e9s.\n        <\/div>\n<\/p><\/div>\n<div class=\"col-4\" style=\"padding: 20px\">\n<h1>SERVICES<\/h1>\n<p>        <img decoding=\"async\" class=\"rbimgcenter\" src=\"\/wp-content\/uploads\/2023\/11\/bar-snack-services-hotel-residencial-beleza-mindelo-cabo-verde.jpg\" alt=\"morabeza de s\u00e3o vicente cabo verde\"><\/p>\n<div style=\"padding: 0\">\n            Nous proposons des services personnalis\u00e9s de bar, snack, buffets et \u00e9v\u00e9nements culturels o\u00f9 vous pourrez passer d&rsquo;agr\u00e9ables moments en compagnie de la morabeza et de l&rsquo;hospitalit\u00e9 du Cap-Vert.\n        <\/div>\n<\/p><\/div>\n<\/div>\n","protected":false},"excerpt":{"rendered":"<p>R\u00e9ception WiFi Gratuit TV par Satellite Gastronomie ESPLANADA Le climat toujours doux, caract\u00e9ristique de notre \u00eele, invite \u00e0 profiter de notre esplanade ensoleill\u00e9e situ\u00e9e \u00e0 l&rsquo;entr\u00e9e principale de la r\u00e9ception de notre h\u00f4tel. RESTAURANT Dans notre restaurant, vous pouvez d\u00e9guster des cuisines vari\u00e9es, des plats traditionnels du Cap-Vert aux plats internationaux. Commandez \u00e0 l&rsquo;avance vos &hellip; <a href=\"https:\/\/rsbeleza.com\/fr\/services\/\" class=\"more-link\">Continuer la lecture de <span class=\"screen-reader-text\">Services<\/span> <span class=\"meta-nav\">&rarr;<\/span><\/a><\/p>\n","protected":false},"author":1,"featured_media":0,"parent":0,"menu_order":0,"comment_status":"closed","ping_status":"closed","template":"","meta":{"footnotes":""},"class_list":["post-77","page","type-page","status-publish","hentry"],"_links":{"self":[{"href":"https:\/\/rsbeleza.com\/fr\/wp-json\/wp\/v2\/pages\/77","targetHints":{"allow":["GET"]}}],"collection":[{"href":"https:\/\/rsbeleza.com\/fr\/wp-json\/wp\/v2\/pages"}],"about":[{"href":"https:\/\/rsbeleza.com\/fr\/wp-json\/wp\/v2\/types\/page"}],"author":[{"embeddable":true,"href":"https:\/\/rsbeleza.com\/fr\/wp-json\/wp\/v2\/users\/1"}],"replies":[{"embeddable":true,"href":"https:\/\/rsbeleza.com\/fr\/wp-json\/wp\/v2\/comments?post=77"}],"version-history":[{"count":8,"href":"https:\/\/rsbeleza.com\/fr\/wp-json\/wp\/v2\/pages\/77\/revisions"}],"predecessor-version":[{"id":306,"href":"https:\/\/rsbeleza.com\/fr\/wp-json\/wp\/v2\/pages\/77\/revisions\/306"}],"wp:attachment":[{"href":"https:\/\/rsbeleza.com\/fr\/wp-json\/wp\/v2\/media?parent=77"}],"curies":[{"name":"wp","href":"https:\/\/api.w.org\/{rel}","templated":true}]}}